{"id":9821,"date":"2024-07-25T12:08:57","date_gmt":"2024-07-25T19:08:57","guid":{"rendered":"https:\/\/wsm.ucmerced.edu\/?page_id=9821"},"modified":"2024-07-25T12:09:15","modified_gmt":"2024-07-25T19:09:15","slug":"luis-angel-acosta-chavez","status":"publish","type":"page","link":"https:\/\/wsm.ucmerced.edu\/zh\/luis-angel-acosta-chavez\/","title":{"rendered":"Luis \u00c1ngel Acosta Ch\u00e1vez"},"content":{"rendered":"<p>[et_pb_section fb_built=&#8221;1&#8243; _builder_version=&#8221;4.24.2&#8243; _module_preset=&#8221;default&#8221; background_color=&#8221;#00112b&#8221; global_colors_info=&#8221;{}&#8221; theme_builder_area=&#8221;post_content&#8221;][et_pb_row column_structure=&#8221;1_3,2_3&#8243; _builder_version=&#8221;4.16&#8243; _module_preset=&#8221;default&#8221; global_colors_info=&#8221;{}&#8221; theme_builder_area=&#8221;post_content&#8221;][et_pb_column type=&#8221;1_3&#8243; _builder_version=&#8221;4.16&#8243; _module_preset=&#8221;default&#8221; global_colors_info=&#8221;{}&#8221; theme_builder_area=&#8221;post_content&#8221;][et_pb_image src=&#8221;https:\/\/wsm.ucmerced.edu\/wp-content\/uploads\/2024\/07\/Photo.jpg&#8221; alt=&#8221;Lisa Wu&#8221; title_text=&#8221;Photo&#8221; align=&#8221;center&#8221; src_tablet=&#8221;&#8221; src_phone=&#8221;&#8221; src_last_edited=&#8221;on|desktop&#8221; _builder_version=&#8221;4.25.2&#8243; _module_preset=&#8221;default&#8221; custom_margin=&#8221;|0px|||false|false&#8221; hover_enabled=&#8221;0&#8243; border_radii=&#8221;on|16px|16px|16px|16px&#8221; box_shadow_style=&#8221;preset4&#8243; global_colors_info=&#8221;{}&#8221; src__hover_enabled=&#8221;off|hover&#8221; src__hover=&#8221;https:\/\/wsm.ucmerced.edu\/wp-content\/uploads\/2021\/11\/IMG_20210711_091220_2.jpg&#8221; theme_builder_area=&#8221;post_content&#8221; sticky_enabled=&#8221;0&#8243;][\/et_pb_image][\/et_pb_column][et_pb_column type=&#8221;2_3&#8243; _builder_version=&#8221;4.16&#8243; _module_preset=&#8221;default&#8221; global_colors_info=&#8221;{}&#8221; theme_builder_area=&#8221;post_content&#8221;][et_pb_text _builder_version=&#8221;4.25.2&#8243; _module_preset=&#8221;default&#8221; text_text_color=&#8221;#FFFFFF&#8221; header_text_color=&#8221;#FFFFFF&#8221; header_3_text_color=&#8221;#FFFFFF&#8221; custom_margin=&#8221;|||0px|false|false&#8221; hover_enabled=&#8221;0&#8243; global_colors_info=&#8221;{}&#8221; theme_builder_area=&#8221;post_content&#8221; sticky_enabled=&#8221;0&#8243;]<\/p>\n<h1><strong>Luis \u00c1ngel Acosta Ch\u00e1vez<\/strong><\/h1>\n<p class=\"has-text-color has-medium-font-size has-black-color\"><span style=\"color: #ffffff;\">Undergraduate Student<\/span><\/p>\n<p><em>Luis \u00c1ngel Acosta Ch\u00e1vez is an undergraduate student in Civil Engineering at the Universidad Michoacana de San Nicol\u00e1s de Hidalgo in Michoac\u00e1n, Mexico, who aspires to receive his bachelor&#8217;s degree by the summer of 2025. He was selected to participate in the Summer Undergraduate Research Institute (SURI) Program at UC Merced, in the Water Systems Management Lab, during the summer of 2024. His current work focuses on the analysis of Irrigation District 075, located in Sinaloa, Mexico. In this analysis, he examines the existing infrastructure, conducts a study of the characteristics, and digitizes the information with the help of the QGIS geographic information system, to subsequently propose the placement of meters at points deemed convenient, based on the analysis of the distribution and delivery of water to users within the district.<\/em><\/p>\n<p>[\/et_pb_text][\/et_pb_column][\/et_pb_row][\/et_pb_section]<\/p>\n","protected":false},"excerpt":{"rendered":"<p>Luis \u00c1ngel Acosta Ch\u00e1vez Undergraduate Student Luis \u00c1ng [&hellip;]<\/p>\n","protected":false},"author":16,"featured_media":0,"parent":0,"menu_order":0,"comment_status":"closed","ping_status":"closed","template":"","meta":{"_et_pb_use_builder":"on","_et_pb_old_content":"","_et_gb_content_width":"","_monsterinsights_skip_tracking":false,"_monsterinsights_sitenote_active":false,"_monsterinsights_sitenote_note":"","_monsterinsights_sitenote_category":0,"_uf_show_specific_survey":0,"_uf_disable_surveys":false,"footnotes":""},"class_list":["post-9821","page","type-page","status-publish","hentry"],"aioseo_notices":[],"_links":{"self":[{"href":"https:\/\/wsm.ucmerced.edu\/zh\/wp-json\/wp\/v2\/pages\/9821","targetHints":{"allow":["GET"]}}],"collection":[{"href":"https:\/\/wsm.ucmerced.edu\/zh\/wp-json\/wp\/v2\/pages"}],"about":[{"href":"https:\/\/wsm.ucmerced.edu\/zh\/wp-json\/wp\/v2\/types\/page"}],"author":[{"embeddable":true,"href":"https:\/\/wsm.ucmerced.edu\/zh\/wp-json\/wp\/v2\/users\/16"}],"replies":[{"embeddable":true,"href":"https:\/\/wsm.ucmerced.edu\/zh\/wp-json\/wp\/v2\/comments?post=9821"}],"version-history":[{"count":3,"href":"https:\/\/wsm.ucmerced.edu\/zh\/wp-json\/wp\/v2\/pages\/9821\/revisions"}],"predecessor-version":[{"id":9824,"href":"https:\/\/wsm.ucmerced.edu\/zh\/wp-json\/wp\/v2\/pages\/9821\/revisions\/9824"}],"wp:attachment":[{"href":"https:\/\/wsm.ucmerced.edu\/zh\/wp-json\/wp\/v2\/media?parent=9821"}],"curies":[{"name":"wp","href":"https:\/\/api.w.org\/{rel}","templated":true}]}}