{"id":6768,"date":"2024-04-04T13:44:42","date_gmt":"2024-04-04T20:44:42","guid":{"rendered":"https:\/\/wsm.ucmerced.edu\/?page_id=6768"},"modified":"2025-01-21T12:16:38","modified_gmt":"2025-01-21T19:16:38","slug":"everardo-trujillio","status":"publish","type":"page","link":"https:\/\/wsm.ucmerced.edu\/es\/everardo-trujillio\/","title":{"rendered":"Everardo Trujillio"},"content":{"rendered":"<p>[et_pb_section fb_built=&#8221;1&#8243; _builder_version=&#8221;4.24.2&#8243; _module_preset=&#8221;default&#8221; background_color=&#8221;#00112b&#8221; global_colors_info=&#8221;{}&#8221;][et_pb_row column_structure=&#8221;1_3,2_3&#8243; _builder_version=&#8221;4.16&#8243; _module_preset=&#8221;default&#8221; global_colors_info=&#8221;{}&#8221;][et_pb_column type=&#8221;1_3&#8243; _builder_version=&#8221;4.16&#8243; _module_preset=&#8221;default&#8221; global_colors_info=&#8221;{}&#8221;][et_pb_image src=&#8221;https:\/\/wsm.ucmerced.edu\/wp-content\/uploads\/2024\/03\/Everardo-Trujillo-rotated.jpg&#8221; alt=&#8221;Lisa Wu&#8221; title_text=&#8221;Everardo Trujillo&#8221; align=&#8221;center&#8221; src_tablet=&#8221;&#8221; src_phone=&#8221;&#8221; src_last_edited=&#8221;on|desktop&#8221; _builder_version=&#8221;4.24.2&#8243; _module_preset=&#8221;default&#8221; custom_margin=&#8221;|0px|||false|false&#8221; border_radii=&#8221;on|16px|16px|16px|16px&#8221; box_shadow_style=&#8221;preset4&#8243; global_colors_info=&#8221;{}&#8221; src__hover_enabled=&#8221;off|hover&#8221; src__hover=&#8221;https:\/\/wsm.ucmerced.edu\/wp-content\/uploads\/2021\/11\/IMG_20210711_091220_2.jpg&#8221;][\/et_pb_image][\/et_pb_column][et_pb_column type=&#8221;2_3&#8243; _builder_version=&#8221;4.16&#8243; _module_preset=&#8221;default&#8221; global_colors_info=&#8221;{}&#8221;][et_pb_text _builder_version=&#8221;4.27.4&#8243; _module_preset=&#8221;default&#8221; text_text_color=&#8221;#FFFFFF&#8221; header_text_color=&#8221;#FFFFFF&#8221; header_3_text_color=&#8221;#FFFFFF&#8221; custom_margin=&#8221;|||0px|false|false&#8221; hover_enabled=&#8221;0&#8243; global_colors_info=&#8221;{}&#8221; sticky_enabled=&#8221;0&#8243;]<\/p>\n<h1><strong>Everardo Trujillio<\/strong><\/h1>\n<p class=\"has-text-color has-medium-font-size has-black-color\"><span style=\"color: #ffffff;\">PhD Student<\/span><\/p>\n<p><em>He is a PhD student at UC Merced, biologist from Universidad Nacional Aut\u00f3noma de M\u00e9xico and <\/em><em>has a master&#8217;s degree in agricultural and natural resource economics from Universidad Aut\u00f3noma <\/em><em>Chapingo in Mexico. His research interests include water allocations for urban and agricultural use, sustainable management of farmland and economic valuation of ecosystem services.<\/em><\/p>\n<p>[\/et_pb_text][\/et_pb_column][\/et_pb_row][\/et_pb_section]<\/p>\n","protected":false},"excerpt":{"rendered":"<p>Everardo Trujillio PhD Student He is a PhD student at UC Merced, biologist from Universidad Nacional Aut\u00f3noma de M\u00e9xico and has a master&#8217;s degree in agricultural and natural resource economics from Universidad Aut\u00f3noma Chapingo in Mexico. His research interests include water allocations for urban and agricultural use, sustainable management of farmland and economic valuation of [&hellip;]<\/p>\n","protected":false},"author":16,"featured_media":0,"parent":0,"menu_order":0,"comment_status":"closed","ping_status":"closed","template":"","meta":{"_et_pb_use_builder":"on","_et_pb_old_content":"","_et_gb_content_width":"","_monsterinsights_skip_tracking":false,"_monsterinsights_sitenote_active":false,"_monsterinsights_sitenote_note":"","_monsterinsights_sitenote_category":0,"_uf_show_specific_survey":0,"_uf_disable_surveys":false,"footnotes":""},"class_list":["post-6768","page","type-page","status-publish","hentry"],"aioseo_notices":[],"_links":{"self":[{"href":"https:\/\/wsm.ucmerced.edu\/es\/wp-json\/wp\/v2\/pages\/6768","targetHints":{"allow":["GET"]}}],"collection":[{"href":"https:\/\/wsm.ucmerced.edu\/es\/wp-json\/wp\/v2\/pages"}],"about":[{"href":"https:\/\/wsm.ucmerced.edu\/es\/wp-json\/wp\/v2\/types\/page"}],"author":[{"embeddable":true,"href":"https:\/\/wsm.ucmerced.edu\/es\/wp-json\/wp\/v2\/users\/16"}],"replies":[{"embeddable":true,"href":"https:\/\/wsm.ucmerced.edu\/es\/wp-json\/wp\/v2\/comments?post=6768"}],"version-history":[{"count":6,"href":"https:\/\/wsm.ucmerced.edu\/es\/wp-json\/wp\/v2\/pages\/6768\/revisions"}],"predecessor-version":[{"id":11066,"href":"https:\/\/wsm.ucmerced.edu\/es\/wp-json\/wp\/v2\/pages\/6768\/revisions\/11066"}],"wp:attachment":[{"href":"https:\/\/wsm.ucmerced.edu\/es\/wp-json\/wp\/v2\/media?parent=6768"}],"curies":[{"name":"wp","href":"https:\/\/api.w.org\/{rel}","templated":true}]}}