{"id":6349,"date":"2023-11-28T08:13:55","date_gmt":"2023-11-28T15:13:55","guid":{"rendered":"https:\/\/wsm.ucmerced.edu\/?page_id=6349"},"modified":"2023-11-28T08:14:03","modified_gmt":"2023-11-28T15:14:03","slug":"carlos-patino-gomez","status":"publish","type":"page","link":"https:\/\/wsm.ucmerced.edu\/es\/carlos-patino-gomez\/","title":{"rendered":"Carlos Patino Gomez"},"content":{"rendered":"<p>[et_pb_section fb_built=&#8221;1&#8243; _builder_version=&#8221;4.16&#8243; _module_preset=&#8221;default&#8221; global_colors_info=&#8221;{}&#8221; theme_builder_area=&#8221;post_content&#8221;][et_pb_row column_structure=&#8221;1_3,2_3&#8243; _builder_version=&#8221;4.23.1&#8243; _module_preset=&#8221;default&#8221; custom_margin=&#8221;31px|auto|-31px|auto|false|false&#8221; global_colors_info=&#8221;{}&#8221; theme_builder_area=&#8221;post_content&#8221;][et_pb_column type=&#8221;1_3&#8243; _builder_version=&#8221;4.16&#8243; _module_preset=&#8221;default&#8221; global_colors_info=&#8221;{}&#8221; theme_builder_area=&#8221;post_content&#8221;][et_pb_image src=&#8221;https:\/\/wsm.ucmerced.edu\/wp-content\/uploads\/2023\/11\/carlos-patino-gomez-larger-picture.jpg&#8221; alt=&#8221;Francisco Flores Lopez&#8221; title_text=&#8221;carlos patino gomez&#8221; _builder_version=&#8221;4.23.1&#8243; _module_preset=&#8221;default&#8221; custom_padding=&#8221;|0px|114px|||&#8221; hover_enabled=&#8221;0&#8243; global_colors_info=&#8221;{}&#8221; theme_builder_area=&#8221;post_content&#8221; sticky_enabled=&#8221;0&#8243;][\/et_pb_image][\/et_pb_column][et_pb_column type=&#8221;2_3&#8243; _builder_version=&#8221;4.16&#8243; _module_preset=&#8221;default&#8221; global_colors_info=&#8221;{}&#8221; theme_builder_area=&#8221;post_content&#8221;][et_pb_text _builder_version=&#8221;4.23.1&#8243; _module_preset=&#8221;default&#8221; custom_margin=&#8221;|||0px|false|false&#8221; custom_padding=&#8221;||0px|||&#8221; hover_enabled=&#8221;0&#8243; global_colors_info=&#8221;{}&#8221; theme_builder_area=&#8221;post_content&#8221; sticky_enabled=&#8221;0&#8243;]<\/p>\n<h1><strong>Carlos Pati\u00f1o G\u00f3mez<\/strong><\/h1>\n<h3 class=\"has-text-color has-medium-font-size has-black-color\"><span style=\"color: #000000;\">Professor and Researcher<\/span><\/h3>\n<p>Carlos Pati\u00f1o G\u00f3mez, Ph.D., is a distinguished academic and professional in Civil Engineering. His educational background includes a Master of Science with a specialty in Hydraulics and Civil Engineering from the National Polytechnic Institute and a Post-Doctorate in Civil Engineering, focusing on water resources and environment, from the University of Texas at Austin. Dr. Pati\u00f1o G\u00f3mez has been recognized for his exemplary work, receiving first place for his thesis &#8220;Water Policy and Socio-economics&#8221; by The Universities Council on Water Resources and acknowledgment by CONACYT.<\/p>\n<p>His research, supported by funding from the United States Environmental Protection Agency (EPA), primarily focuses on the R\u00edo Bravo Grande Basin. Additionally, he holds a nomination from Who&#8217;s Who in the American College. With over 30 years of experience, Dr. Pati\u00f1o G\u00f3mez has significantly contributed to comprehensive water resource management. His expertise extends to teaching roles in various academic institutions, including the Higher School of Engineering and Architecture of the National Polytechnic Institute, the National Autonomous University of Mexico, and the Autonomous University of the State of Morelos.<\/p>\n<p><span><\/span><\/p>\n<p><span><\/span><\/p>\n<p><span><\/span><\/p>\n<p><span><\/span><\/p>\n<p>&nbsp;<\/p>\n<p>[\/et_pb_text][\/et_pb_column][\/et_pb_row][et_pb_row _builder_version=&#8221;4.16&#8243; _module_preset=&#8221;default&#8221; min_height=&#8221;61.5px&#8221; global_colors_info=&#8221;{}&#8221; theme_builder_area=&#8221;post_content&#8221;][et_pb_column type=&#8221;4_4&#8243; _builder_version=&#8221;4.16&#8243; _module_preset=&#8221;default&#8221; global_colors_info=&#8221;{}&#8221; theme_builder_area=&#8221;post_content&#8221;][et_pb_divider _builder_version=&#8221;4.16&#8243; _module_preset=&#8221;default&#8221; global_colors_info=&#8221;{}&#8221; theme_builder_area=&#8221;post_content&#8221;][\/et_pb_divider][\/et_pb_column][\/et_pb_row][et_pb_row column_structure=&#8221;1_3,1_3,1_3&#8243; _builder_version=&#8221;4.16&#8243; _module_preset=&#8221;default&#8221; global_colors_info=&#8221;{}&#8221; theme_builder_area=&#8221;post_content&#8221;][et_pb_column type=&#8221;1_3&#8243; _builder_version=&#8221;4.16&#8243; _module_preset=&#8221;default&#8221; global_colors_info=&#8221;{}&#8221; theme_builder_area=&#8221;post_content&#8221;][et_pb_image src=&#8221;https:\/\/wsm.ucmerced.edu\/wp-content\/uploads\/2023\/11\/wsm-lab-logo.png&#8221; title_text=&#8221;wsm lab logo&#8221; _builder_version=&#8221;4.22.2&#8243; _module_preset=&#8221;default&#8221; background_color=&#8221;#FFFFFF&#8221; global_colors_info=&#8221;{}&#8221; theme_builder_area=&#8221;post_content&#8221;][\/et_pb_image][\/et_pb_column][et_pb_column type=&#8221;1_3&#8243; _builder_version=&#8221;4.16&#8243; _module_preset=&#8221;default&#8221; global_colors_info=&#8221;{}&#8221; theme_builder_area=&#8221;post_content&#8221;][\/et_pb_column][et_pb_column type=&#8221;1_3&#8243; _builder_version=&#8221;4.16&#8243; _module_preset=&#8221;default&#8221; global_colors_info=&#8221;{}&#8221; theme_builder_area=&#8221;post_content&#8221;][et_pb_text _builder_version=&#8221;4.16&#8243; text_font=&#8221;||||||||&#8221; text_line_height=&#8221;2em&#8221; link_font=&#8221;||on||||||&#8221; link_text_color=&#8221;#afaeaa&#8221; header_font=&#8221;Raleway||||||||&#8221; header_3_font=&#8221;Raleway|300|||||||&#8221; header_3_font_size=&#8221;26px&#8221; header_3_line_height=&#8221;1.6em&#8221; custom_margin=&#8221;||-1px|||&#8221; custom_padding=&#8221;||2px|||&#8221; header_3_font_size_tablet=&#8221;&#8221; header_3_font_size_phone=&#8221;22px&#8221; header_3_font_size_last_edited=&#8221;on|desktop&#8221; locked=&#8221;off&#8221; global_colors_info=&#8221;{}&#8221; theme_builder_area=&#8221;post_content&#8221;]<\/p>\n<h3 style=\"text-align: center;\">How you can contact me<\/h3>\n<p>[\/et_pb_text][et_pb_button button_url=&#8221;https:\/\/www.ucmerced.edu\/content\/marc-beutel&#8221; url_new_window=&#8221;on&#8221; button_text=&#8221;jcobian3@ucmerced.edu&#8221; button_alignment=&#8221;center&#8221; _builder_version=&#8221;4.23.1&#8243; custom_button=&#8221;on&#8221; button_text_size=&#8221;13px&#8221; button_text_color=&#8221;#ffffff&#8221; button_bg_color=&#8221;#c2ab92&#8243; button_border_width=&#8221;2px&#8221; button_border_color=&#8221;#c2ab92&#8243; button_border_radius=&#8221;0px&#8221; button_letter_spacing=&#8221;2px&#8221; button_font=&#8221;Karla|700||on|||||&#8221; background_layout=&#8221;dark&#8221; custom_padding=&#8221;10px||10px|&#8221; button_letter_spacing_hover=&#8221;2px&#8221; locked=&#8221;off&#8221; global_colors_info=&#8221;{}&#8221; button_text_size__hover_enabled=&#8221;off&#8221; button_one_text_size__hover_enabled=&#8221;off&#8221; button_two_text_size__hover_enabled=&#8221;off&#8221; button_text_color__hover_enabled=&#8221;off&#8221; button_one_text_color__hover_enabled=&#8221;off&#8221; button_two_text_color__hover_enabled=&#8221;off&#8221; button_border_width__hover_enabled=&#8221;off&#8221; button_one_border_width__hover_enabled=&#8221;off&#8221; button_two_border_width__hover_enabled=&#8221;off&#8221; button_border_color__hover_enabled=&#8221;off&#8221; button_one_border_color__hover_enabled=&#8221;off&#8221; button_two_border_color__hover_enabled=&#8221;off&#8221; button_border_radius__hover_enabled=&#8221;off&#8221; button_one_border_radius__hover_enabled=&#8221;off&#8221; button_two_border_radius__hover_enabled=&#8221;off&#8221; button_letter_spacing__hover_enabled=&#8221;on&#8221; button_letter_spacing__hover=&#8221;2px&#8221; button_one_letter_spacing__hover_enabled=&#8221;off&#8221; button_two_letter_spacing__hover_enabled=&#8221;off&#8221; button_bg_color__hover_enabled=&#8221;off&#8221; button_one_bg_color__hover_enabled=&#8221;off&#8221; button_two_bg_color__hover_enabled=&#8221;off&#8221; theme_builder_area=&#8221;post_content&#8221;][\/et_pb_button][\/et_pb_column][\/et_pb_row][\/et_pb_section]<\/p>\n","protected":false},"excerpt":{"rendered":"<p>Carlos Pati\u00f1o G\u00f3mez Professor and Researcher Carlos Pati\u00f1o G\u00f3mez, Ph.D., is a distinguished academic and professional in Civil Engineering. His educational background includes a Master of Science with a specialty in Hydraulics and Civil Engineering from the National Polytechnic Institute and a Post-Doctorate in Civil Engineering, focusing on water resources and environment, from the University [&hellip;]<\/p>\n","protected":false},"author":15,"featured_media":0,"parent":0,"menu_order":0,"comment_status":"closed","ping_status":"closed","template":"","meta":{"_et_pb_use_builder":"on","_et_pb_old_content":"","_et_gb_content_width":"","_monsterinsights_skip_tracking":false,"_monsterinsights_sitenote_active":false,"_monsterinsights_sitenote_note":"","_monsterinsights_sitenote_category":0,"_uf_show_specific_survey":0,"_uf_disable_surveys":false,"footnotes":""},"class_list":["post-6349","page","type-page","status-publish","hentry"],"aioseo_notices":[],"_links":{"self":[{"href":"https:\/\/wsm.ucmerced.edu\/es\/wp-json\/wp\/v2\/pages\/6349","targetHints":{"allow":["GET"]}}],"collection":[{"href":"https:\/\/wsm.ucmerced.edu\/es\/wp-json\/wp\/v2\/pages"}],"about":[{"href":"https:\/\/wsm.ucmerced.edu\/es\/wp-json\/wp\/v2\/types\/page"}],"author":[{"embeddable":true,"href":"https:\/\/wsm.ucmerced.edu\/es\/wp-json\/wp\/v2\/users\/15"}],"replies":[{"embeddable":true,"href":"https:\/\/wsm.ucmerced.edu\/es\/wp-json\/wp\/v2\/comments?post=6349"}],"version-history":[{"count":2,"href":"https:\/\/wsm.ucmerced.edu\/es\/wp-json\/wp\/v2\/pages\/6349\/revisions"}],"predecessor-version":[{"id":6351,"href":"https:\/\/wsm.ucmerced.edu\/es\/wp-json\/wp\/v2\/pages\/6349\/revisions\/6351"}],"wp:attachment":[{"href":"https:\/\/wsm.ucmerced.edu\/es\/wp-json\/wp\/v2\/media?parent=6349"}],"curies":[{"name":"wp","href":"https:\/\/api.w.org\/{rel}","templated":true}]}}