{"id":6054,"date":"2023-10-25T07:50:08","date_gmt":"2023-10-25T14:50:08","guid":{"rendered":"https:\/\/wsm.ucmerced.edu\/?page_id=6054"},"modified":"2024-07-29T14:40:36","modified_gmt":"2024-07-29T21:40:36","slug":"josue-medellin-azuara2","status":"publish","type":"page","link":"https:\/\/wsm.ucmerced.edu\/es\/josue-medellin-azuara2\/","title":{"rendered":"Josue Medellin Azuara - New 10\/21\/23"},"content":{"rendered":"<p>[et_pb_section fb_built=&#8221;1&#8243; _builder_version=&#8221;4.25.2&#8243; _module_preset=&#8221;default&#8221; background_color=&#8221;#00112b&#8221; global_colors_info=&#8221;{}&#8221;][et_pb_row column_structure=&#8221;1_3,2_3&#8243; _builder_version=&#8221;4.16&#8243; _module_preset=&#8221;default&#8221; custom_margin=&#8221;31px|auto|-31px|auto|false|false&#8221; global_colors_info=&#8221;{}&#8221;][et_pb_column type=&#8221;1_3&#8243; _builder_version=&#8221;4.16&#8243; _module_preset=&#8221;default&#8221; global_colors_info=&#8221;{}&#8221;][et_pb_image src=&#8221;https:\/\/wsm.ucmerced.edu\/wp-content\/uploads\/2022\/01\/Medellien-Azuara_Josuee_170928-Reduced-683&#215;1024-1-1.jpg&#8221; title_text=&#8221;Medellien-Azuara_Josuee_170928-Reduced-683&#215;1024 (1) (1)&#8221; _builder_version=&#8221;4.22.2&#8243; _module_preset=&#8221;default&#8221; custom_padding=&#8221;|0px||||&#8221; global_colors_info=&#8221;{}&#8221;][\/et_pb_image][\/et_pb_column][et_pb_column type=&#8221;2_3&#8243; _builder_version=&#8221;4.16&#8243; _module_preset=&#8221;default&#8221; global_colors_info=&#8221;{}&#8221;][et_pb_text _builder_version=&#8221;4.25.2&#8243; _module_preset=&#8221;default&#8221; text_text_color=&#8221;#FFFFFF&#8221; header_text_color=&#8221;#FFFFFF&#8221; header_3_text_color=&#8221;#FFFFFF&#8221; custom_margin=&#8221;|||0px|false|false&#8221; custom_padding=&#8221;||0px|||&#8221; hover_enabled=&#8221;0&#8243; global_colors_info=&#8221;{}&#8221; sticky_enabled=&#8221;0&#8243;]<\/p>\n<h1><strong>Dr.<\/strong><strong>\u00a0Josu\u00e9 Medell\u00edn-Azuara<\/strong><\/h1>\n<h3>Associate Professor, Associate Director UC Davis Center for Watershed Sciences<\/h3>\n<p><em>Josu\u00e9 Medell\u00edn-Azuara is an Associate Professor of Environmental Engineering at the University of California, Merced. He is also an Associate Director of the UC Agricultural Issues Center, and an Adjunct Research Fellow at the Public Policy Institute of California.<\/em><\/p>\n<p><em>His areas of expertise include the development of large-scale hydro-economic models for water supply, the economics of agricultural, environmental and urban water uses, adaptation to climate change, integrated water management, and consumptive water use. He has a special interest in the Sacramento-San Joaquin Delta and other areas of California. Josu\u00e9\u2019s expertise also includes economic impact studies with an emphasis on the agriculture-related sector.<\/em><\/p>\n<p><em>He has experience working for industry and as a consultant for government agencies, NGOs, industry, and academia including the Natural Heritage Institute, the Stockholm Environment Institute, The World Bank, the Catholic University of Chile and the University of Rio Grande do Sul. Josu\u00e9 has served as an official for the California Water and Environmental Modeling Forum since 2013. Josu\u00e9 has degrees in engineering, business and economics, and he obtained his Ph.D. from the University of California, Davis with a dissertation on managing water in the Colorado River.<\/em><\/p>\n<p><span><\/span><\/p>\n<p><span><\/span><\/p>\n<p><span><\/span><\/p>\n<p><span><\/span><\/p>\n<p><span><\/span><\/p>\n<p><span><\/span><\/p>\n<p>[\/et_pb_text][\/et_pb_column][\/et_pb_row][\/et_pb_section]<\/p>\n","protected":false},"excerpt":{"rendered":"<p>Dr.\u00a0Josu\u00e9 Medell\u00edn-Azuara Associate Professor, Associate Director UC Davis Center for Watershed Sciences Josu\u00e9 Medell\u00edn-Azuara is an Associate Professor of Environmental Engineering at the University of California, Merced. He is also an Associate Director of the UC Agricultural Issues Center, and an Adjunct Research Fellow at the Public Policy Institute of California. His areas of expertise [&hellip;]<\/p>\n","protected":false},"author":15,"featured_media":0,"parent":0,"menu_order":0,"comment_status":"closed","ping_status":"closed","template":"","meta":{"_et_pb_use_builder":"on","_et_pb_old_content":"","_et_gb_content_width":"","_monsterinsights_skip_tracking":false,"_monsterinsights_sitenote_active":false,"_monsterinsights_sitenote_note":"","_monsterinsights_sitenote_category":0,"_uf_show_specific_survey":0,"_uf_disable_surveys":false,"footnotes":""},"class_list":["post-6054","page","type-page","status-publish","hentry"],"aioseo_notices":[],"_links":{"self":[{"href":"https:\/\/wsm.ucmerced.edu\/es\/wp-json\/wp\/v2\/pages\/6054","targetHints":{"allow":["GET"]}}],"collection":[{"href":"https:\/\/wsm.ucmerced.edu\/es\/wp-json\/wp\/v2\/pages"}],"about":[{"href":"https:\/\/wsm.ucmerced.edu\/es\/wp-json\/wp\/v2\/types\/page"}],"author":[{"embeddable":true,"href":"https:\/\/wsm.ucmerced.edu\/es\/wp-json\/wp\/v2\/users\/15"}],"replies":[{"embeddable":true,"href":"https:\/\/wsm.ucmerced.edu\/es\/wp-json\/wp\/v2\/comments?post=6054"}],"version-history":[{"count":10,"href":"https:\/\/wsm.ucmerced.edu\/es\/wp-json\/wp\/v2\/pages\/6054\/revisions"}],"predecessor-version":[{"id":9865,"href":"https:\/\/wsm.ucmerced.edu\/es\/wp-json\/wp\/v2\/pages\/6054\/revisions\/9865"}],"wp:attachment":[{"href":"https:\/\/wsm.ucmerced.edu\/es\/wp-json\/wp\/v2\/media?parent=6054"}],"curies":[{"name":"wp","href":"https:\/\/api.w.org\/{rel}","templated":true}]}}