{"id":569,"date":"2021-05-13T08:49:37","date_gmt":"2021-05-13T15:49:37","guid":{"rendered":"https:\/\/wsm.ucmerced.edu\/?page_id=569"},"modified":"2024-12-09T18:44:26","modified_gmt":"2024-12-10T01:44:26","slug":"jose-m-rodriguez-flores","status":"publish","type":"page","link":"https:\/\/wsm.ucmerced.edu\/es\/people\/jose-m-rodriguez-flores\/","title":{"rendered":"Jos\u00e9 M. Rodr\u00edguez-Flores"},"content":{"rendered":"<p>[et_pb_section fb_built=&#8221;1&#8243; _builder_version=&#8221;4.25.2&#8243; _module_preset=&#8221;default&#8221; background_color=&#8221;#00112b&#8221; global_colors_info=&#8221;{}&#8221;][et_pb_row column_structure=&#8221;1_3,2_3&#8243; _builder_version=&#8221;4.16&#8243; _module_preset=&#8221;default&#8221; custom_margin=&#8221;31px|auto|-31px|auto|false|false&#8221; global_colors_info=&#8221;{}&#8221;][et_pb_column type=&#8221;1_3&#8243; _builder_version=&#8221;4.16&#8243; _module_preset=&#8221;default&#8221; global_colors_info=&#8221;{}&#8221;][et_pb_image src=&#8221;https:\/\/wsm.ucmerced.edu\/wp-content\/uploads\/2022\/02\/profile.png&#8221; title_text=&#8221;profile&#8221; _builder_version=&#8221;4.25.2&#8243; _module_preset=&#8221;default&#8221; custom_padding=&#8221;|0px||||&#8221; global_colors_info=&#8221;{}&#8221;][\/et_pb_image][\/et_pb_column][et_pb_column type=&#8221;2_3&#8243; _builder_version=&#8221;4.16&#8243; _module_preset=&#8221;default&#8221; global_colors_info=&#8221;{}&#8221;][et_pb_text _builder_version=&#8221;4.25.2&#8243; _module_preset=&#8221;default&#8221; text_text_color=&#8221;#FFFFFF&#8221; header_text_color=&#8221;#FFFFFF&#8221; custom_margin=&#8221;|||0px|false|false&#8221; custom_padding=&#8221;||0px|||&#8221; hover_enabled=&#8221;0&#8243; global_colors_info=&#8221;{}&#8221; sticky_enabled=&#8221;0&#8243;]<\/p>\n<h1><strong>Jos\u00e9 M. Rodr\u00edguez-Flores<\/strong><\/h1>\n<h3 class=\"has-text-color has-medium-font-size has-black-color\"><span style=\"color: #ffffff;\">PhD Candidate<\/span><\/h3>\n<p><em>Jos\u00e9 Rodriguez is a Ph.D. candidate in the Environmental Systems program at University of California, Merced. He is currently a Senior Analysis of Climate Resilient Water Systems for the Environmental Defense Fund.\u00a0<\/em><\/p>\n<p><em>Jos\u00e9 obtained his B.S and M.S in agricultural economics at Universidad Aut\u00f3noma Chapingo and Colegio de Postgraduados, M\u00e9xico. <\/em><\/p>\n<p><em>His research interests include human-water systems, water resource management, hydro-economic models, agricultural economics and water resource policy.<\/em><\/p>\n<p><em>Google Scholar: <a href=\"https:\/\/scholar.google.com\/citations?user=MJpJiPsAAAAJ&amp;hl=en\">https:\/\/scholar.google.com\/citations?user=MJpJiPsAAAAJ&amp;hl=en<\/a><\/em><\/p>\n<p><em>Current Professional Affiliaton: <a href=\"https:\/\/www.edf.org\/people\/jose-rodriguez-flores\">https:\/\/www.edf.org\/people\/jose-rodriguez-flores<\/a><\/em><\/p>\n<p>&nbsp;<\/p>\n<p><span><\/span><\/p>\n<p><span><\/span><\/p>\n<p><span><\/span><\/p>\n<p><span><\/span><\/p>\n<p>&nbsp;<\/p>\n<p><span><\/span><\/p>\n<p><span><\/span><\/p>\n<p><span><\/span><\/p>\n<p><span><\/span><\/p>\n<p><span><\/span><\/p>\n<p><span><\/span><\/p>\n<p>[\/et_pb_text][\/et_pb_column][\/et_pb_row][\/et_pb_section]<\/p>\n","protected":false},"excerpt":{"rendered":"<p>Jos\u00e9 M. Rodr\u00edguez-Flores PhD Candidate Jos\u00e9 Rodriguez is a Ph.D. candidate in the Environmental Systems program at University of California, Merced. He is currently a Senior Analysis of Climate Resilient Water Systems for the Environmental Defense Fund.\u00a0 Jos\u00e9 obtained his B.S and M.S in agricultural economics at Universidad Aut\u00f3noma Chapingo and Colegio de Postgraduados, M\u00e9xico. [&hellip;]<\/p>\n","protected":false},"author":10,"featured_media":0,"parent":2,"menu_order":0,"comment_status":"closed","ping_status":"closed","template":"","meta":{"_et_pb_use_builder":"on","_et_pb_old_content":"","_et_gb_content_width":"","_monsterinsights_skip_tracking":false,"_monsterinsights_sitenote_active":false,"_monsterinsights_sitenote_note":"","_monsterinsights_sitenote_category":0,"_uf_show_specific_survey":0,"_uf_disable_surveys":false,"footnotes":""},"class_list":["post-569","page","type-page","status-publish","hentry"],"aioseo_notices":[],"_links":{"self":[{"href":"https:\/\/wsm.ucmerced.edu\/es\/wp-json\/wp\/v2\/pages\/569","targetHints":{"allow":["GET"]}}],"collection":[{"href":"https:\/\/wsm.ucmerced.edu\/es\/wp-json\/wp\/v2\/pages"}],"about":[{"href":"https:\/\/wsm.ucmerced.edu\/es\/wp-json\/wp\/v2\/types\/page"}],"author":[{"embeddable":true,"href":"https:\/\/wsm.ucmerced.edu\/es\/wp-json\/wp\/v2\/users\/10"}],"replies":[{"embeddable":true,"href":"https:\/\/wsm.ucmerced.edu\/es\/wp-json\/wp\/v2\/comments?post=569"}],"version-history":[{"count":10,"href":"https:\/\/wsm.ucmerced.edu\/es\/wp-json\/wp\/v2\/pages\/569\/revisions"}],"predecessor-version":[{"id":11039,"href":"https:\/\/wsm.ucmerced.edu\/es\/wp-json\/wp\/v2\/pages\/569\/revisions\/11039"}],"up":[{"embeddable":true,"href":"https:\/\/wsm.ucmerced.edu\/es\/wp-json\/wp\/v2\/pages\/2"}],"wp:attachment":[{"href":"https:\/\/wsm.ucmerced.edu\/es\/wp-json\/wp\/v2\/media?parent=569"}],"curies":[{"name":"wp","href":"https:\/\/api.w.org\/{rel}","templated":true}]}}